{"id":2,"date":"2022-03-29T13:29:23","date_gmt":"2022-03-29T13:29:23","guid":{"rendered":"https:\/\/transbalkan.org\/platforma\/?page_id=2"},"modified":"2022-05-17T11:19:18","modified_gmt":"2022-05-17T11:19:18","slug":"sta-je-platforma","status":"publish","type":"page","link":"https:\/\/transbalkan.org\/platforma\/sta-je-platforma\/","title":{"rendered":"\u0160ta je plaTForma?"},"content":{"rendered":"\n<figure class=\"wp-block-image size-large is-resized\"><img fetchpriority=\"high\" decoding=\"async\" src=\"https:\/\/transbalkan.org\/platforma\/wp-content\/uploads\/2022\/05\/Platforma-p3-1024x362.png\" alt=\"\" class=\"wp-image-239\" width=\"664\" height=\"234\" srcset=\"https:\/\/transbalkan.org\/platforma\/wp-content\/uploads\/2022\/05\/Platforma-p3-1024x362.png 1024w, https:\/\/transbalkan.org\/platforma\/wp-content\/uploads\/2022\/05\/Platforma-p3-300x106.png 300w, https:\/\/transbalkan.org\/platforma\/wp-content\/uploads\/2022\/05\/Platforma-p3-768x272.png 768w, https:\/\/transbalkan.org\/platforma\/wp-content\/uploads\/2022\/05\/Platforma-p3-1200x424.png 1200w, https:\/\/transbalkan.org\/platforma\/wp-content\/uploads\/2022\/05\/Platforma-p3.png 1253w\" sizes=\"(max-width: 664px) 100vw, 664px\" \/><\/figure>\n\n\n\n<p>Regionalni multimedijalni magazin Trans Feministi\u010dka Platforma je deo ve\u0107eg istoimenog projekta koji regionalna organizacija <a href=\"http:\/\/www.transbalkan.org\" target=\"_blank\" rel=\"noreferrer noopener\">Trans Mre\u017ea Balkan<\/a> vodi u saradnji sa Asocijacijom <a href=\"https:\/\/asocijacijaspektra.org\" target=\"_blank\" rel=\"noreferrer noopener\">Spektra<\/a> iz Podgorice, organizacijom <a href=\"http:\/\/www.kolektirv.hr\" target=\"_blank\" rel=\"noreferrer noopener\">kolekTIRV<\/a> iz Zagreba i organizacijom Kolektiv <a href=\"https:\/\/www.facebook.com\/talas.tirv\/\">Talas &#8211; TIRV<\/a> iz Beograda<\/p>\n\n\n\n<p>Glavni cilj ovog projekta je udru\u017eivanje regionalnog trans i feministi\u010dkog pokreta, razmjena znanja i iskustava, ali i izgradnja zajedni\u010dkih strategija borbe za slobodu svih \u017eena, svih TIRV osoba i uop\u0161te borbe za dru\u0161tvenu i ekolo\u0161ku pravdu u regionu. <\/p>\n\n\n\n<p>Magazin je samo jedan od proizvoda ove saradnje, a pored pisanih tekstova on sadr\u017ei i multimedijalni materijal koji se mo\u017eete prona\u0107i na stranicama dru\u0161tvenih mre\u017ea na\u0161ih organizacija kao i na samoj web stranici platforme.<\/p>\n\n\n\n<p> Magazin je nastao u sklopu projekta Towards Intersectional Feminism in The Balkans, uz podr\u0161ku <a href=\"https:\/\/www.ilga-europe.org\">ILGA-Europe<\/a>, <a href=\"https:\/\/www.astraeafoundation.org\" target=\"_blank\" rel=\"noreferrer noopener\">Astraea Lesbian Foundation for Justice<\/a>, i <a href=\"http:\/\/Because feminist activism works \u2013 MamaCashhttps:\/\/www.mamacash.org\" target=\"_blank\" rel=\"noreferrer noopener\">Mama Cash<\/a>.<\/p>\n","protected":false},"excerpt":{"rendered":"<p>Regionalni multimedijalni magazin Trans Feministi\u010dka Platforma je deo ve\u0107eg istoimenog projekta koji regionalna organizacija Trans Mre\u017ea Balkan vodi u saradnji sa Asocijacijom Spektra iz Podgorice, organizacijom kolekTIRV iz Zagreba i organizacijom Kolektiv Talas &#8211; TIRV iz Beograda Glavni cilj ovog projekta je udru\u017eivanje regionalnog trans i feministi\u010dkog pokreta, razmjena znanja i iskustava, ali i izgradnja [&hellip;]<\/p>\n","protected":false},"author":1,"featured_media":0,"parent":0,"menu_order":0,"comment_status":"closed","ping_status":"open","template":"","meta":{"_acf_changed":false,"footnotes":""},"class_list":["post-2","page","type-page","status-publish","hentry"],"acf":[],"aioseo_notices":[],"_links":{"self":[{"href":"https:\/\/transbalkan.org\/platforma\/wp-json\/wp\/v2\/pages\/2","targetHints":{"allow":["GET"]}}],"collection":[{"href":"https:\/\/transbalkan.org\/platforma\/wp-json\/wp\/v2\/pages"}],"about":[{"href":"https:\/\/transbalkan.org\/platforma\/wp-json\/wp\/v2\/types\/page"}],"author":[{"embeddable":true,"href":"https:\/\/transbalkan.org\/platforma\/wp-json\/wp\/v2\/users\/1"}],"replies":[{"embeddable":true,"href":"https:\/\/transbalkan.org\/platforma\/wp-json\/wp\/v2\/comments?post=2"}],"version-history":[{"count":5,"href":"https:\/\/transbalkan.org\/platforma\/wp-json\/wp\/v2\/pages\/2\/revisions"}],"predecessor-version":[{"id":379,"href":"https:\/\/transbalkan.org\/platforma\/wp-json\/wp\/v2\/pages\/2\/revisions\/379"}],"wp:attachment":[{"href":"https:\/\/transbalkan.org\/platforma\/wp-json\/wp\/v2\/media?parent=2"}],"curies":[{"name":"wp","href":"https:\/\/api.w.org\/{rel}","templated":true}]}}